{"id":2907,"date":"2021-09-15T15:31:23","date_gmt":"2021-09-15T15:31:23","guid":{"rendered":"https:\/\/www.lindeboomtexel.nl\/coronavirus\/"},"modified":"2021-09-20T09:56:21","modified_gmt":"2021-09-20T09:56:21","slug":"coronavirus","status":"publish","type":"page","link":"https:\/\/www.lindeboomtexel.nl\/de\/coronavirus\/","title":{"rendered":"Coronavirus"},"content":{"rendered":"\t\t<div data-elementor-type=\"wp-page\" data-elementor-id=\"2907\" class=\"elementor elementor-2907 elementor-2602\" data-elementor-post-type=\"page\">\n\t\t\t\t\t\t<section data-particle_enable=\"false\" data-particle-mobile-disabled=\"false\" class=\"elementor-section elementor-top-section elementor-element elementor-element-56171bf9 elementor-section-height-min-height elementor-section-items-top ohm-templ-hero-image-slider elementor-section-boxed elementor-section-height-default\" data-id=\"56171bf9\" data-element_type=\"section\" data-settings=\"{&quot;background_background&quot;:&quot;slideshow&quot;,&quot;background_slideshow_gallery&quot;:[{&quot;id&quot;:2428,&quot;url&quot;:&quot;https:\\\/\\\/www.lindeboomtexel.nl\\\/wp-content\\\/uploads\\\/2021\\\/05\\\/De-Lindeboom-Receptie-With-Model.jpeg&quot;}],&quot;background_slideshow_transition_duration&quot;:1000,&quot;background_slideshow_loop&quot;:&quot;yes&quot;,&quot;background_slideshow_slide_duration&quot;:5000,&quot;background_slideshow_slide_transition&quot;:&quot;fade&quot;}\">\n\t\t\t\t\t\t\t<div class=\"elementor-background-overlay\"><\/div>\n\t\t\t\t\t\t\t<div class=\"elementor-container elementor-column-gap-default\">\n\t\t\t\t\t<div class=\"elementor-column elementor-col-100 elementor-top-column elementor-element elementor-element-6c9b7942\" data-id=\"6c9b7942\" data-element_type=\"column\">\n\t\t\t<div class=\"elementor-widget-wrap elementor-element-populated\">\n\t\t\t\t\t\t<div class=\"elementor-element elementor-element-62f64839 elementor-widget elementor-widget-spacer\" data-id=\"62f64839\" data-element_type=\"widget\" data-widget_type=\"spacer.default\">\n\t\t\t\t<div class=\"elementor-widget-container\">\n\t\t\t\t\t\t\t<div class=\"elementor-spacer\">\n\t\t\t<div class=\"elementor-spacer-inner\"><\/div>\n\t\t<\/div>\n\t\t\t\t\t\t<\/div>\n\t\t\t\t<\/div>\n\t\t\t\t\t<\/div>\n\t\t<\/div>\n\t\t\t\t\t<\/div>\n\t\t<\/section>\n\t\t\t\t<section data-particle_enable=\"false\" data-particle-mobile-disabled=\"false\" class=\"elementor-section elementor-top-section elementor-element elementor-element-6e69ffbb elementor-section-full_width ohm-templ-intro-section elementor-section-height-default elementor-section-height-default elementor-invisible\" data-id=\"6e69ffbb\" data-element_type=\"section\" data-settings=\"{&quot;animation&quot;:&quot;fadeIn&quot;}\">\n\t\t\t\t\t\t<div class=\"elementor-container elementor-column-gap-default\">\n\t\t\t\t\t<div class=\"elementor-column elementor-col-100 elementor-top-column elementor-element elementor-element-68e97fb2\" data-id=\"68e97fb2\" data-element_type=\"column\">\n\t\t\t<div class=\"elementor-widget-wrap elementor-element-populated\">\n\t\t\t\t\t\t<section data-particle_enable=\"false\" data-particle-mobile-disabled=\"false\" class=\"elementor-section elementor-inner-section elementor-element elementor-element-841970a elementor-section-boxed elementor-section-height-default elementor-section-height-default elementor-invisible\" data-id=\"841970a\" data-element_type=\"section\" data-settings=\"{&quot;animation&quot;:&quot;fadeIn&quot;,&quot;animation_delay&quot;:0.5}\">\n\t\t\t\t\t\t<div class=\"elementor-container elementor-column-gap-default\">\n\t\t\t\t\t<div class=\"elementor-column elementor-col-100 elementor-inner-column elementor-element elementor-element-182153f1\" data-id=\"182153f1\" data-element_type=\"column\">\n\t\t\t<div class=\"elementor-widget-wrap elementor-element-populated\">\n\t\t\t\t\t\t<div class=\"elementor-element elementor-element-1fd528eb elementor-widget elementor-widget-heading\" data-id=\"1fd528eb\" data-element_type=\"widget\" data-widget_type=\"heading.default\">\n\t\t\t\t<div class=\"elementor-widget-container\">\n\t\t\t\t\t<h1 class=\"elementor-heading-title elementor-size-default\">coronavirus update<\/h1>\t\t\t\t<\/div>\n\t\t\t\t<\/div>\n\t\t\t\t<div class=\"elementor-element elementor-element-51fdee6c elementor-widget elementor-widget-heading\" data-id=\"51fdee6c\" data-element_type=\"widget\" data-widget_type=\"heading.default\">\n\t\t\t\t<div class=\"elementor-widget-container\">\n\t\t\t\t\t<h4 class=\"elementor-heading-title elementor-size-default\">Sie sind herzlich willkommen im Hotel de Lindeboom<\/h4>\t\t\t\t<\/div>\n\t\t\t\t<\/div>\n\t\t\t\t<div class=\"elementor-element elementor-element-6da15cfd elementor-widget elementor-widget-text-editor\" data-id=\"6da15cfd\" data-element_type=\"widget\" data-widget_type=\"text-editor.default\">\n\t\t\t\t<div class=\"elementor-widget-container\">\n\t\t\t\t\t\t\t\t\t<p>Sehr geehrter Gast,<\/p>\n<p>Die neuen Ma\u00dfnahmen f\u00fcr Covid 19 wurden angek\u00fcndigt. Die neuen Ma\u00dfnahmen sind (vorerst) bis zum 10. Mai 2021 g\u00fcltig.<\/p>\n<p>Das Hotel De Lindeboom bleibt f\u00fcr \u00dcbernachtungen ge\u00f6ffnet.<br \/>\nDie Terrasse ist von 12.00 bis 18.00 Uhr ge\u00f6ffnet. Es ist nicht m\u00f6glich, einen Tisch zu reservieren.<br \/>\nEin Abendessen auf der Terrasse ist nicht m\u00f6glich.<br \/>\nUnsere Restaurants &#8211; Die Brasserie und das Schoutenhuys &#8211; sind geschlossen, auch f\u00fcr Hotelg\u00e4ste.<br \/>\nAlle \u00f6ffentlichen Bereiche sind geschlossen.<br \/>\nDer Zimmerservice ist nicht verf\u00fcgbar.<br \/>\nHotelg\u00e4ste k\u00f6nnen Fr\u00fchst\u00fcck und Abendessen mitnehmen.<br \/>\nZu diesem Zweck wird im Hotel ein fester Punkt eingerichtet.<br \/>\nDie Mahlzeiten m\u00fcssen auf dem Zimmer eingenommen werden.<br \/>\nWir werden alles tun, um Ihren Aufenthalt so angenehm und sicher wie m\u00f6glich zu gestalten.<\/p>\n<p>Wir haben unsere Stornierungsbedingungen ge\u00e4ndert, die zum Zeitpunkt Ihrer Reservierung gelten. Bis zum 10. Mai k\u00f6nnen Sie Ihre Reservierung zwei Tage im Voraus stornieren, ohne dass Ihnen Kosten entstehen.<\/p>\n<p>Sollten Sie weitere Fragen haben, senden Sie bitte eine E-Mail an info@lindeboomtexel.nl!<\/p>\n\t\t\t\t\t\t\t\t<\/div>\n\t\t\t\t<\/div>\n\t\t\t\t\t<\/div>\n\t\t<\/div>\n\t\t\t\t\t<\/div>\n\t\t<\/section>\n\t\t\t\t\t<\/div>\n\t\t<\/div>\n\t\t\t\t\t<\/div>\n\t\t<\/section>\n\t\t\t\t<section data-particle_enable=\"false\" data-particle-mobile-disabled=\"false\" class=\"elementor-section elementor-top-section elementor-element elementor-element-3b4205ff elementor-section-full_width ohm-templ-intro-section elementor-section-height-default elementor-section-height-default elementor-invisible\" data-id=\"3b4205ff\" data-element_type=\"section\" data-settings=\"{&quot;animation&quot;:&quot;fadeIn&quot;}\">\n\t\t\t\t\t\t<div class=\"elementor-container elementor-column-gap-default\">\n\t\t\t\t\t<div class=\"elementor-column elementor-col-100 elementor-top-column elementor-element elementor-element-581654e4\" data-id=\"581654e4\" data-element_type=\"column\">\n\t\t\t<div class=\"elementor-widget-wrap elementor-element-populated\">\n\t\t\t\t\t\t<section data-particle_enable=\"false\" data-particle-mobile-disabled=\"false\" class=\"elementor-section elementor-inner-section elementor-element elementor-element-3d3cee59 elementor-section-boxed elementor-section-height-default elementor-section-height-default elementor-invisible\" data-id=\"3d3cee59\" data-element_type=\"section\" data-settings=\"{&quot;animation&quot;:&quot;fadeIn&quot;,&quot;animation_delay&quot;:0.5}\">\n\t\t\t\t\t\t<div class=\"elementor-container elementor-column-gap-default\">\n\t\t\t\t\t<div class=\"elementor-column elementor-col-100 elementor-inner-column elementor-element elementor-element-4e431d10\" data-id=\"4e431d10\" data-element_type=\"column\">\n\t\t\t<div class=\"elementor-widget-wrap elementor-element-populated\">\n\t\t\t\t\t\t<div class=\"elementor-element elementor-element-34af46e5 elementor-widget elementor-widget-heading\" data-id=\"34af46e5\" data-element_type=\"widget\" data-widget_type=\"heading.default\">\n\t\t\t\t<div class=\"elementor-widget-container\">\n\t\t\t\t\t<h2 class=\"elementor-heading-title elementor-size-default\">Mehr entdecken<\/h2>\t\t\t\t<\/div>\n\t\t\t\t<\/div>\n\t\t\t\t<div class=\"elementor-element elementor-element-6eaa041 elementor-widget elementor-widget-text-editor\" data-id=\"6eaa041\" data-element_type=\"widget\" data-widget_type=\"text-editor.default\">\n\t\t\t\t<div class=\"elementor-widget-container\">\n\t\t\t\t\t\t\t\t\t<p>Eine reiche Historie, ein Hauch Nostalgie und viel Komfort. De Lindeboom ist ein Drei Sterne Superior Hotel im Herzen von Den Burg, wo die Gastfreundschaft eine lange Tradition hat. Das Haus aus dem Jahre 1891 kombiniert eine authentische Atmosph\u00e4re mit modernen Einrichtungen. Genie\u00dfen beginnt bei uns!<\/p>\n\t\t\t\t\t\t\t\t<\/div>\n\t\t\t\t<\/div>\n\t\t\t\t\t<\/div>\n\t\t<\/div>\n\t\t\t\t\t<\/div>\n\t\t<\/section>\n\t\t\t\t\t<\/div>\n\t\t<\/div>\n\t\t\t\t\t<\/div>\n\t\t<\/section>\n\t\t\t\t<section data-particle_enable=\"false\" data-particle-mobile-disabled=\"false\" class=\"elementor-section elementor-top-section elementor-element elementor-element-157b6849 elementor-section-full_width ohm-templ-image-blocks-double elementor-section-height-default elementor-section-height-default\" data-id=\"157b6849\" data-element_type=\"section\">\n\t\t\t\t\t\t<div class=\"elementor-container elementor-column-gap-default\">\n\t\t\t\t\t<div class=\"elementor-column elementor-col-100 elementor-top-column elementor-element elementor-element-7cca5020\" data-id=\"7cca5020\" data-element_type=\"column\">\n\t\t\t<div class=\"elementor-widget-wrap elementor-element-populated\">\n\t\t\t\t\t\t<section data-particle_enable=\"false\" data-particle-mobile-disabled=\"false\" class=\"elementor-section elementor-inner-section elementor-element elementor-element-5459116d elementor-section-boxed elementor-section-height-default elementor-section-height-default\" data-id=\"5459116d\" data-element_type=\"section\">\n\t\t\t\t\t\t<div class=\"elementor-container elementor-column-gap-default\">\n\t\t\t\t\t<div class=\"elementor-column elementor-col-50 elementor-inner-column elementor-element elementor-element-166c13f8 ohm-image-blocks\" data-id=\"166c13f8\" data-element_type=\"column\" data-settings=\"{&quot;background_background&quot;:&quot;classic&quot;}\">\n\t\t\t<div class=\"elementor-widget-wrap elementor-element-populated\">\n\t\t\t\t\t<div class=\"elementor-background-overlay\"><\/div>\n\t\t\t\t\t\t<div class=\"elementor-element elementor-element-21c9b819 ohm-image-blocks-head elementor-widget elementor-widget-heading\" data-id=\"21c9b819\" data-element_type=\"widget\" data-widget_type=\"heading.default\">\n\t\t\t\t<div class=\"elementor-widget-container\">\n\t\t\t\t\t<h2 class=\"elementor-heading-title elementor-size-default\"><a href=\"https:\/\/www.lindeboomtexel.nl\/kamers\/\" ohm-column-link=\"yes\">Zimmer<\/a><\/h2>\t\t\t\t<\/div>\n\t\t\t\t<\/div>\n\t\t\t\t<div class=\"elementor-element elementor-element-c3fff32 ohm-image-blocks-sub elementor-widget elementor-widget-text-editor\" data-id=\"c3fff32\" data-element_type=\"widget\" data-widget_type=\"text-editor.default\">\n\t\t\t\t<div class=\"elementor-widget-container\">\n\t\t\t\t\t\t\t\t\t<p>Eine reiche Historie, ein Hauch Nostalgie und viel Komfort.<\/p>\n\t\t\t\t\t\t\t\t<\/div>\n\t\t\t\t<\/div>\n\t\t\t\t\t<\/div>\n\t\t<\/div>\n\t\t\t\t<div class=\"elementor-column elementor-col-50 elementor-inner-column elementor-element elementor-element-427f4647 ohm-image-blocks\" data-id=\"427f4647\" data-element_type=\"column\" data-settings=\"{&quot;background_background&quot;:&quot;classic&quot;}\">\n\t\t\t<div class=\"elementor-widget-wrap elementor-element-populated\">\n\t\t\t\t\t<div class=\"elementor-background-overlay\"><\/div>\n\t\t\t\t\t\t<div class=\"elementor-element elementor-element-602ae2ce ohm-image-blocks-head elementor-widget elementor-widget-heading\" data-id=\"602ae2ce\" data-element_type=\"widget\" data-widget_type=\"heading.default\">\n\t\t\t\t<div class=\"elementor-widget-container\">\n\t\t\t\t\t<h2 class=\"elementor-heading-title elementor-size-default\"><a href=\"https:\/\/www.lindeboomtexel.nl\/restaurant\/\" ohm-column-link=\"yes\">restaurant<\/a><\/h2>\t\t\t\t<\/div>\n\t\t\t\t<\/div>\n\t\t\t\t<div class=\"elementor-element elementor-element-276cd881 ohm-image-blocks-sub elementor-widget elementor-widget-text-editor\" data-id=\"276cd881\" data-element_type=\"widget\" data-widget_type=\"text-editor.default\">\n\t\t\t\t<div class=\"elementor-widget-container\">\n\t\t\t\t\t\t\t\t\t<p>Das Hotel de Lindeboom verf\u00fcgt \u00fcber zwei Restaurants, die Brasserie und das Schoutenhuys.<\/p>\n\t\t\t\t\t\t\t\t<\/div>\n\t\t\t\t<\/div>\n\t\t\t\t\t<\/div>\n\t\t<\/div>\n\t\t\t\t\t<\/div>\n\t\t<\/section>\n\t\t\t\t<div class=\"elementor-element elementor-element-1cd77cb elementor-widget elementor-widget-spacer\" data-id=\"1cd77cb\" data-element_type=\"widget\" data-widget_type=\"spacer.default\">\n\t\t\t\t<div class=\"elementor-widget-container\">\n\t\t\t\t\t\t\t<div class=\"elementor-spacer\">\n\t\t\t<div class=\"elementor-spacer-inner\"><\/div>\n\t\t<\/div>\n\t\t\t\t\t\t<\/div>\n\t\t\t\t<\/div>\n\t\t\t\t\t<\/div>\n\t\t<\/div>\n\t\t\t\t\t<\/div>\n\t\t<\/section>\n\t\t\t\t<\/div>\n\t\t","protected":false},"excerpt":{"rendered":"<p>coronavirus update Sie sind herzlich willkommen im Hotel de Lindeboom Sehr geehrter Gast, Die neuen Ma\u00dfnahmen f\u00fcr Covid 19 wurden angek\u00fcndigt. Die neuen Ma\u00dfnahmen sind (vorerst) bis zum 10. Mai 2021 g\u00fcltig. Das Hotel De Lindeboom bleibt f\u00fcr \u00dcbernachtungen ge\u00f6ffnet. Die Terrasse ist von 12.00 bis 18.00 Uhr ge\u00f6ffnet. Es ist nicht m\u00f6glich, einen Tisch [&hellip;]<\/p>\n","protected":false},"author":33,"featured_media":0,"parent":0,"menu_order":0,"comment_status":"closed","ping_status":"closed","template":"","meta":{"_acf_changed":false,"footnotes":""},"class_list":["post-2907","page","type-page","status-publish","hentry"],"acf":[],"yoast_head":"<!-- This site is optimized with the Yoast SEO plugin v27.0 - https:\/\/yoast.com\/product\/yoast-seo-wordpress\/ -->\n<title>Coronavirus | Hotel de Lindeboom<\/title>\n<meta name=\"description\" content=\"\u00dcber die neuesten Ma\u00dfnahmen gegen das Corona-Virus k\u00f6nnen Sie sich auf unserer Website informieren. Mehr lesen.\" \/>\n<meta name=\"robots\" content=\"index, follow, max-snippet:-1, max-image-preview:large, max-video-preview:-1\" \/>\n<link rel=\"canonical\" href=\"https:\/\/www.lindeboomtexel.nl\/de\/coronavirus\/\" \/>\n<meta property=\"og:locale\" content=\"de_DE\" \/>\n<meta property=\"og:type\" content=\"article\" \/>\n<meta property=\"og:title\" content=\"Coronavirus | Hotel de Lindeboom\" \/>\n<meta property=\"og:description\" content=\"\u00dcber die neuesten Ma\u00dfnahmen gegen das Corona-Virus k\u00f6nnen Sie sich auf unserer Website informieren. Mehr lesen.\" \/>\n<meta property=\"og:url\" content=\"https:\/\/www.lindeboomtexel.nl\/de\/coronavirus\/\" \/>\n<meta property=\"og:site_name\" content=\"Hotel De Lindeboom\" \/>\n<meta property=\"article:modified_time\" content=\"2021-09-20T09:56:21+00:00\" \/>\n<meta name=\"twitter:card\" content=\"summary_large_image\" \/>\n<meta name=\"twitter:label1\" content=\"Gesch\u00e4tzte Lesezeit\" \/>\n\t<meta name=\"twitter:data1\" content=\"2 Minuten\" \/>\n<script type=\"application\/ld+json\" class=\"yoast-schema-graph\">{\"@context\":\"https:\/\/schema.org\",\"@graph\":[{\"@type\":\"WebPage\",\"@id\":\"https:\/\/www.lindeboomtexel.nl\/de\/coronavirus\/\",\"url\":\"https:\/\/www.lindeboomtexel.nl\/de\/coronavirus\/\",\"name\":\"Coronavirus | Hotel de Lindeboom\",\"isPartOf\":{\"@id\":\"https:\/\/www.lindeboomtexel.nl\/de\/#website\"},\"datePublished\":\"2021-09-15T15:31:23+00:00\",\"dateModified\":\"2021-09-20T09:56:21+00:00\",\"description\":\"\u00dcber die neuesten Ma\u00dfnahmen gegen das Corona-Virus k\u00f6nnen Sie sich auf unserer Website informieren. Mehr lesen.\",\"breadcrumb\":{\"@id\":\"https:\/\/www.lindeboomtexel.nl\/de\/coronavirus\/#breadcrumb\"},\"inLanguage\":\"de-DE\",\"potentialAction\":[{\"@type\":\"ReadAction\",\"target\":[\"https:\/\/www.lindeboomtexel.nl\/de\/coronavirus\/\"]}]},{\"@type\":\"BreadcrumbList\",\"@id\":\"https:\/\/www.lindeboomtexel.nl\/de\/coronavirus\/#breadcrumb\",\"itemListElement\":[{\"@type\":\"ListItem\",\"position\":1,\"name\":\"Home\",\"item\":\"https:\/\/www.lindeboomtexel.nl\/de\/\"},{\"@type\":\"ListItem\",\"position\":2,\"name\":\"Coronavirus\"}]},{\"@type\":\"WebSite\",\"@id\":\"https:\/\/www.lindeboomtexel.nl\/de\/#website\",\"url\":\"https:\/\/www.lindeboomtexel.nl\/de\/\",\"name\":\"Hotel De Lindeboom\",\"description\":\"Hotel De Lindeboom\",\"publisher\":{\"@id\":\"https:\/\/www.lindeboomtexel.nl\/de\/#organization\"},\"potentialAction\":[{\"@type\":\"SearchAction\",\"target\":{\"@type\":\"EntryPoint\",\"urlTemplate\":\"https:\/\/www.lindeboomtexel.nl\/de\/?s={search_term_string}\"},\"query-input\":{\"@type\":\"PropertyValueSpecification\",\"valueRequired\":true,\"valueName\":\"search_term_string\"}}],\"inLanguage\":\"de-DE\"},{\"@type\":\"Organization\",\"@id\":\"https:\/\/www.lindeboomtexel.nl\/de\/#organization\",\"name\":\"Hotel De Lindeboom\",\"url\":\"https:\/\/www.lindeboomtexel.nl\/de\/\",\"logo\":{\"@type\":\"ImageObject\",\"inLanguage\":\"de-DE\",\"@id\":\"https:\/\/www.lindeboomtexel.nl\/de\/#\/schema\/logo\/image\/\",\"url\":\"https:\/\/www.lindeboomtexel.nl\/wp-content\/uploads\/2021\/08\/Hotel_De_Lindeboom_logo_goudwit.png\",\"contentUrl\":\"https:\/\/www.lindeboomtexel.nl\/wp-content\/uploads\/2021\/08\/Hotel_De_Lindeboom_logo_goudwit.png\",\"width\":400,\"height\":97,\"caption\":\"Hotel De Lindeboom\"},\"image\":{\"@id\":\"https:\/\/www.lindeboomtexel.nl\/de\/#\/schema\/logo\/image\/\"}}]}<\/script>\n<!-- \/ Yoast SEO plugin. -->","yoast_head_json":{"title":"Coronavirus | Hotel de Lindeboom","description":"\u00dcber die neuesten Ma\u00dfnahmen gegen das Corona-Virus k\u00f6nnen Sie sich auf unserer Website informieren. Mehr lesen.","robots":{"index":"index","follow":"follow","max-snippet":"max-snippet:-1","max-image-preview":"max-image-preview:large","max-video-preview":"max-video-preview:-1"},"canonical":"https:\/\/www.lindeboomtexel.nl\/de\/coronavirus\/","og_locale":"de_DE","og_type":"article","og_title":"Coronavirus | Hotel de Lindeboom","og_description":"\u00dcber die neuesten Ma\u00dfnahmen gegen das Corona-Virus k\u00f6nnen Sie sich auf unserer Website informieren. Mehr lesen.","og_url":"https:\/\/www.lindeboomtexel.nl\/de\/coronavirus\/","og_site_name":"Hotel De Lindeboom","article_modified_time":"2021-09-20T09:56:21+00:00","twitter_card":"summary_large_image","twitter_misc":{"Gesch\u00e4tzte Lesezeit":"2 Minuten"},"schema":{"@context":"https:\/\/schema.org","@graph":[{"@type":"WebPage","@id":"https:\/\/www.lindeboomtexel.nl\/de\/coronavirus\/","url":"https:\/\/www.lindeboomtexel.nl\/de\/coronavirus\/","name":"Coronavirus | Hotel de Lindeboom","isPartOf":{"@id":"https:\/\/www.lindeboomtexel.nl\/de\/#website"},"datePublished":"2021-09-15T15:31:23+00:00","dateModified":"2021-09-20T09:56:21+00:00","description":"\u00dcber die neuesten Ma\u00dfnahmen gegen das Corona-Virus k\u00f6nnen Sie sich auf unserer Website informieren. Mehr lesen.","breadcrumb":{"@id":"https:\/\/www.lindeboomtexel.nl\/de\/coronavirus\/#breadcrumb"},"inLanguage":"de-DE","potentialAction":[{"@type":"ReadAction","target":["https:\/\/www.lindeboomtexel.nl\/de\/coronavirus\/"]}]},{"@type":"BreadcrumbList","@id":"https:\/\/www.lindeboomtexel.nl\/de\/coronavirus\/#breadcrumb","itemListElement":[{"@type":"ListItem","position":1,"name":"Home","item":"https:\/\/www.lindeboomtexel.nl\/de\/"},{"@type":"ListItem","position":2,"name":"Coronavirus"}]},{"@type":"WebSite","@id":"https:\/\/www.lindeboomtexel.nl\/de\/#website","url":"https:\/\/www.lindeboomtexel.nl\/de\/","name":"Hotel De Lindeboom","description":"Hotel De Lindeboom","publisher":{"@id":"https:\/\/www.lindeboomtexel.nl\/de\/#organization"},"potentialAction":[{"@type":"SearchAction","target":{"@type":"EntryPoint","urlTemplate":"https:\/\/www.lindeboomtexel.nl\/de\/?s={search_term_string}"},"query-input":{"@type":"PropertyValueSpecification","valueRequired":true,"valueName":"search_term_string"}}],"inLanguage":"de-DE"},{"@type":"Organization","@id":"https:\/\/www.lindeboomtexel.nl\/de\/#organization","name":"Hotel De Lindeboom","url":"https:\/\/www.lindeboomtexel.nl\/de\/","logo":{"@type":"ImageObject","inLanguage":"de-DE","@id":"https:\/\/www.lindeboomtexel.nl\/de\/#\/schema\/logo\/image\/","url":"https:\/\/www.lindeboomtexel.nl\/wp-content\/uploads\/2021\/08\/Hotel_De_Lindeboom_logo_goudwit.png","contentUrl":"https:\/\/www.lindeboomtexel.nl\/wp-content\/uploads\/2021\/08\/Hotel_De_Lindeboom_logo_goudwit.png","width":400,"height":97,"caption":"Hotel De Lindeboom"},"image":{"@id":"https:\/\/www.lindeboomtexel.nl\/de\/#\/schema\/logo\/image\/"}}]}},"_links":{"self":[{"href":"https:\/\/www.lindeboomtexel.nl\/de\/wp-json\/wp\/v2\/pages\/2907","targetHints":{"allow":["GET"]}}],"collection":[{"href":"https:\/\/www.lindeboomtexel.nl\/de\/wp-json\/wp\/v2\/pages"}],"about":[{"href":"https:\/\/www.lindeboomtexel.nl\/de\/wp-json\/wp\/v2\/types\/page"}],"author":[{"embeddable":true,"href":"https:\/\/www.lindeboomtexel.nl\/de\/wp-json\/wp\/v2\/users\/33"}],"replies":[{"embeddable":true,"href":"https:\/\/www.lindeboomtexel.nl\/de\/wp-json\/wp\/v2\/comments?post=2907"}],"version-history":[{"count":0,"href":"https:\/\/www.lindeboomtexel.nl\/de\/wp-json\/wp\/v2\/pages\/2907\/revisions"}],"wp:attachment":[{"href":"https:\/\/www.lindeboomtexel.nl\/de\/wp-json\/wp\/v2\/media?parent=2907"}],"curies":[{"name":"wp","href":"https:\/\/api.w.org\/{rel}","templated":true}]}}